{"id":1014,"date":"2025-06-13T12:49:37","date_gmt":"2025-06-13T15:49:37","guid":{"rendered":"https:\/\/budapesterfoundation.com\/?page_id=1014"},"modified":"2025-07-22T03:10:12","modified_gmt":"2025-07-22T06:10:12","slug":"awarded-scholarships","status":"publish","type":"page","link":"https:\/\/budapesterfoundation.com\/index.php\/awarded-scholarships\/","title":{"rendered":"Awarded Scholarships"},"content":{"rendered":"\t\t<div data-elementor-type=\"wp-page\" data-elementor-id=\"1014\" class=\"elementor elementor-1014\" data-elementor-post-type=\"page\">\n\t\t\t\t\t\t<section class=\"elementor-section elementor-top-section elementor-element elementor-element-7da3fa0 elementor-section-height-min-height elementor-section-boxed elementor-section-height-default elementor-section-items-middle\" data-id=\"7da3fa0\" data-element_type=\"section\" data-e-type=\"section\">\n\t\t\t\t\t\t<div class=\"elementor-container elementor-column-gap-default\">\n\t\t\t\t\t<div class=\"elementor-column elementor-col-100 elementor-top-column elementor-element elementor-element-e923968\" data-id=\"e923968\" data-element_type=\"column\" data-e-type=\"column\">\n\t\t\t<div class=\"elementor-widget-wrap elementor-element-populated\">\n\t\t\t\t\t\t<div class=\"elementor-element elementor-element-4d4391b elementor-invisible elementor-widget elementor-widget-heading\" data-id=\"4d4391b\" data-element_type=\"widget\" data-e-type=\"widget\" data-settings=\"{&quot;_animation&quot;:&quot;fadeIn&quot;}\" data-widget_type=\"heading.default\">\n\t\t\t\t<div class=\"elementor-widget-container\">\n\t\t\t\t\t<h2 class=\"elementor-heading-title elementor-size-default\">Awarded Scholarships<\/h2>\t\t\t\t<\/div>\n\t\t\t\t<\/div>\n\t\t\t\t<div class=\"elementor-element elementor-element-d0d9c6e elementor-widget__width-initial elementor-widget elementor-widget-text-editor\" data-id=\"d0d9c6e\" data-element_type=\"widget\" data-e-type=\"widget\" data-widget_type=\"text-editor.default\">\n\t\t\t\t<div class=\"elementor-widget-container\">\n\t\t\t\t\t\t\t\t\t<ul><li>Iuliana-Erika Kopeczi \u2013 BSc Psychology 2025-2026<\/li><li><p>Ernestine Tarjanyi BSc Psychology 2025-2026<\/p><\/li><li><p>Janos Laszlo Torbagyi BSc Psychology 2025-2026<\/p><\/li><li><p>Gergely Ozsv\u00e1th BSc Psychology 2025-2026<\/p><\/li><li><p>Benedikta Abig\u00e9l Szil\u00e1gyi BSc Computer Science 2025-2026<\/p><\/li><\/ul>\t\t\t\t\t\t\t\t<\/div>\n\t\t\t\t<\/div>\n\t\t\t\t<div class=\"elementor-element elementor-element-00d96d3 elementor-align-left elementor-mobile-align-left elementor-widget elementor-widget-button\" data-id=\"00d96d3\" data-element_type=\"widget\" data-e-type=\"widget\" data-widget_type=\"button.default\">\n\t\t\t\t<div class=\"elementor-widget-container\">\n\t\t\t\t\t\t\t\t\t<div class=\"elementor-button-wrapper\">\n\t\t\t\t\t<a class=\"elementor-button elementor-button-link elementor-size-xl\" href=\"\/index.php\/inicio-2\/#becas\">\n\t\t\t\t\t\t<span class=\"elementor-button-content-wrapper\">\n\t\t\t\t\t\t\t\t\t<span class=\"elementor-button-text\">Go Back<\/span>\n\t\t\t\t\t<\/span>\n\t\t\t\t\t<\/a>\n\t\t\t\t<\/div>\n\t\t\t\t\t\t\t\t<\/div>\n\t\t\t\t<\/div>\n\t\t\t\t\t<\/div>\n\t\t<\/div>\n\t\t\t\t\t<\/div>\n\t\t<\/section>\n\t\t\t\t<\/div>\n\t\t","protected":false},"excerpt":{"rendered":"<p>Awarded Scholarships Iuliana-Erika Kopeczi \u2013 BSc Psychology 2025-2026 Ernestine Tarjanyi BSc Psychology 2025-2026 Janos Laszlo Torbagyi BSc Psychology 2025-2026 Gergely Ozsv\u00e1th BSc Psychology 2025-2026 Benedikta Abig\u00e9l Szil\u00e1gyi BSc Computer Science 2025-2026 Go Back<\/p>\n","protected":false},"author":1,"featured_media":0,"parent":0,"menu_order":0,"comment_status":"closed","ping_status":"closed","template":"","meta":{"footnotes":""},"class_list":["post-1014","page","type-page","status-publish","hentry"],"_links":{"self":[{"href":"https:\/\/budapesterfoundation.com\/index.php\/wp-json\/wp\/v2\/pages\/1014","targetHints":{"allow":["GET"]}}],"collection":[{"href":"https:\/\/budapesterfoundation.com\/index.php\/wp-json\/wp\/v2\/pages"}],"about":[{"href":"https:\/\/budapesterfoundation.com\/index.php\/wp-json\/wp\/v2\/types\/page"}],"author":[{"embeddable":true,"href":"https:\/\/budapesterfoundation.com\/index.php\/wp-json\/wp\/v2\/users\/1"}],"replies":[{"embeddable":true,"href":"https:\/\/budapesterfoundation.com\/index.php\/wp-json\/wp\/v2\/comments?post=1014"}],"version-history":[{"count":10,"href":"https:\/\/budapesterfoundation.com\/index.php\/wp-json\/wp\/v2\/pages\/1014\/revisions"}],"predecessor-version":[{"id":1036,"href":"https:\/\/budapesterfoundation.com\/index.php\/wp-json\/wp\/v2\/pages\/1014\/revisions\/1036"}],"wp:attachment":[{"href":"https:\/\/budapesterfoundation.com\/index.php\/wp-json\/wp\/v2\/media?parent=1014"}],"curies":[{"name":"wp","href":"https:\/\/api.w.org\/{rel}","templated":true}]}}